{"id":5778,"date":"2022-04-14T09:44:12","date_gmt":"2022-04-14T09:44:12","guid":{"rendered":"https:\/\/www.kampbrda.com\/rockvelo-e-kolo\/"},"modified":"2025-07-21T10:39:04","modified_gmt":"2025-07-21T10:39:04","slug":"kamp-brda-e-bike","status":"publish","type":"page","link":"https:\/\/www.kampbrda.com\/sl\/kamp-brda-e-bike\/","title":{"rendered":"Kamp Brda e-Kolo"},"content":{"rendered":"<p>[vc_row row_content_width=&#8221;grid&#8221; css=&#8221;.vc_custom_1649930494940{padding-top: 110px !important;padding-bottom: 135px !important;}&#8221;][vc_column offset=&#8221;vc_col-lg-12 vc_col-md-12&#8243;]<div class=\"eltd-elements-holder   eltd-one-column  eltd-responsive-mode-768 eltd-one-column-alignment-center\" ><div class=\"eltd-eh-item   eltd-horizontal-alignment-center \" style=\"background-color: #ffffff\" data-item-class=\"eltd-eh-custom-6268\">\n\t<div class=\"eltd-eh-item-inner\">\n\t\t<div class=\"eltd-eh-item-content eltd-eh-custom-6268\" >\n\t\t\t[vc_column_text css=&#8221;.vc_custom_1753094081762{padding-right: 10% !important;padding-left: 10% !important;}&#8221;]<\/p>\n<h3 style=\"text-align: center;\">Cenik <strong>e-Kolo<\/strong><\/h3>\n<p style=\"text-align: center;\">Cena za dan izposoje <strong>50\u20ac<\/strong><\/p>\n<p style=\"text-align: center;\">V Kampu Brda vam za najem e-koles za dalj\u0161e obdobje ponujamo ugodnej\u0161o ceno \u2013 odkrijte \u010darobne poti med vinogradi in razglednimi to\u010dkami Gori\u0161kih Brd na udoben in trajnosten na\u010din!<\/p>\n<p>[\/vc_column_text][vc_empty_space height=&#8221;40px&#8221;]<a itemprop=\"url\" href=\"https:\/\/www.kampbrda.com\/contact-us\/?lang=sl\" target=\"_self\"  class=\"eltd-btn eltd-btn-medium eltd-btn-solid eltd-btn-line-left eltd-btn-animation-enabled\"  >\n    <span class=\"eltd-btn-text\">REZERVIRAJ E-KOLO<\/span>\n\n        \t<span class=\"eltd-btn-hover-overlay\" ><\/span>\n    \n    <\/a>[vc_empty_space height=&#8221;40px&#8221;]\t\t<\/div>\n\t<\/div>\n<\/div><\/div>[vc_empty_space height=&#8221;40px&#8221;]<div class=\"eltd-elements-holder   eltd-one-column  eltd-responsive-mode-768 eltd-one-column-alignment-center\" ><div class=\"eltd-eh-item   eltd-horizontal-alignment-center \" style=\"background-color: #ffffff\" data-item-class=\"eltd-eh-custom-4613\">\n\t<div class=\"eltd-eh-item-inner\">\n\t\t<div class=\"eltd-eh-item-content eltd-eh-custom-4613\" >\n\t\t\t[vc_column_text css=&#8221;.vc_custom_1688896905363{padding-top: 10% !important;padding-right: 10% !important;padding-bottom: 10% !important;padding-left: 10% !important;}&#8221;]<\/p>\n<h3><strong>KOLESARJENJE V OKOLICI &#8211; KAMP BRDA<\/strong><\/h3>\n<p>Gori\u0161ka Brda ponujajo \u010dudovite razglede in ne\u0161tete poti, po katerih se najla\u017eje zapeljete z elektri\u010dnim kolesom! Iz Podsabotina z lahkotom prekolesarite najlep\u0161e to\u010dke, ob tem pa \u0161e obi\u0161\u010dete Dolino So\u010de, Vipavsko dolino in italijanski Collio. Za vas smo pripravili tri kolesarske poti, ki se za\u010dnejo v Kampu Brda. Nalo\u017eite si brezpla\u010dno aplikacijo, ki vas bo vodila po poteh:[\/vc_column_text]\t\t<\/div>\n\t<\/div>\n<\/div><\/div>[vc_empty_space height=&#8221;40px&#8221;]<div class=\"eltd-elements-holder   eltd-two-columns  eltd-responsive-mode-768 \" ><div class=\"eltd-eh-item   eltd-horizontal-alignment-center \"  data-item-class=\"eltd-eh-custom-3329\" data-1280-1600=\"0 24%\" data-1024-1280=\"0 20% 5px 20%\" data-768-1024=\"0 12% 4px 12%\" data-680-768=\"100px 24%\" data-680=\"80px 5%\">\n\t<div class=\"eltd-eh-item-inner\">\n\t\t<div class=\"eltd-eh-item-content eltd-eh-custom-3329\" style=\"padding: 0 26% 5px 26%\">\n\t\t\t<div class=\"eltd-section-title-holder eltd-separator-disabled  \" >\n    <div class=\"eltd-section-title-inner\">\n                    <h5 class=\"eltd-st-subtitle\" >\n                <span>e-Kolo z Kamp Brda<\/span>\n            <\/h5>\n                            <h2 class=\"eltd-st-title \" >\n                <span class=\"eltd-st-before\">Brda<\/span>\n                <span>&amp; Collio<\/span>\n            <\/h2>\n                            <p class=\"eltd-st-text\" style=\"font-size: 15px;line-height: 28px\">Razgibano kolesarjenje \u010dez vinorodne gri\u010de Gori\u0161kih Brd. Iz Kampa Brda se najprej podate \u010dez italjanski del Collia, preko Oslavja, \u0160teverjana. Pot nadaljujete prek Medane, Dobrovega in \u0160martnega, kjer priporo\u010damo obisk razglednega stolpa Goja\u010de. Sledi le \u0161e brezskrben spust nazaj na izhodi\u0161\u010de.<\/p>\n                    <\/div>\n<\/div>[vc_empty_space height=&#8221;40px&#8221;]<a itemprop=\"url\" href=\"https:\/\/www.kampbrda.com\/contact-us\/?lang=sl\" target=\"_self\"  class=\"eltd-btn eltd-btn-medium eltd-btn-solid eltd-btn-line-left eltd-btn-animation-enabled\"  >\n    <span class=\"eltd-btn-text\">REZERVIRAJ E-KOLO<\/span>\n\n        \t<span class=\"eltd-btn-hover-overlay\" ><\/span>\n    \n    <\/a>\t\t<\/div>\n\t<\/div>\n<\/div><div class=\"eltd-eh-item    \"  data-item-class=\"eltd-eh-custom-1582\">\n\t<div class=\"eltd-eh-item-inner\">\n\t\t<div class=\"eltd-eh-item-content eltd-eh-custom-1582\" >\n\t\t\t[vc_column_text][\/vc_column_text][vc_raw_html]JTNDaWZyYW1lJTIwc3JjJTNEJTIyaHR0cHMlM0ElMkYlMkZ3d3cuZ29vZ2xlLmNvbSUyRm1hcHMlMkZkJTJGZW1iZWQlM0ZtaWQlM0QxRXFFZzItd1dzaTlSaXZoNFRjeDduQmFaVVJEWUF1dyUyNmhsJTNEZW4lMjZlaGJjJTNEMkUzMTJGJTIyJTIwd2lkdGglM0QlMjI2NDAlMjIlMjBoZWlnaHQlM0QlMjI0ODAlMjIlM0UlM0MlMkZpZnJhbWUlM0U=[\/vc_raw_html]\t\t<\/div>\n\t<\/div>\n<\/div><\/div>[vc_empty_space height=&#8221;40px&#8221;]<div class=\"eltd-elements-holder   eltd-two-columns  eltd-responsive-mode-768 \" ><div class=\"eltd-eh-item   eltd-horizontal-alignment-center \"  data-item-class=\"eltd-eh-custom-3330\" data-1280-1600=\"0 24%\" data-1024-1280=\"0 20% 5px 20%\" data-768-1024=\"0 12% 4px 12%\" data-680-768=\"100px 24%\" data-680=\"80px 5%\">\n\t<div class=\"eltd-eh-item-inner\">\n\t\t<div class=\"eltd-eh-item-content eltd-eh-custom-3330\" style=\"padding: 0 26% 5px 26%\">\n\t\t\t<div class=\"eltd-section-title-holder eltd-separator-disabled  \" >\n    <div class=\"eltd-section-title-inner\">\n                    <h5 class=\"eltd-st-subtitle\" >\n                <span>e-Kolo z Kamp Brda<\/span>\n            <\/h5>\n                            <h2 class=\"eltd-st-title \" >\n                <span class=\"eltd-st-before\">Vzpon<\/span>\n                <span>na Sabotin<\/span>\n            <\/h2>\n                            <p class=\"eltd-st-text\" style=\"font-size: 15px;line-height: 28px\">Ta pot vas popelje na Sabotin, razgledni vrh in zgodovinsko to\u010dko prve svetovne vojne. Kmalu vas pri\u010dakuje strm in zahteven vzpon, ki pa bo z E-kolesi dosegljiv tudi kondicijsko manj pripravljenim. Na vrhu si privo\u0161\u010dite oddih in okrep\u010dilo, izlet pa kon\u010date z zlo\u017enim spustom nazaj na izhodi\u0161\u010de.<\/p>\n                    <\/div>\n<\/div>[vc_empty_space height=&#8221;40px&#8221;]<a itemprop=\"url\" href=\"https:\/\/www.kampbrda.com\/contact-us\/?lang=sl\" target=\"_self\"  class=\"eltd-btn eltd-btn-medium eltd-btn-solid eltd-btn-line-left eltd-btn-animation-enabled\"  >\n    <span class=\"eltd-btn-text\">REZERVIRAJ E-KOLO<\/span>\n\n        \t<span class=\"eltd-btn-hover-overlay\" ><\/span>\n    \n    <\/a>\t\t<\/div>\n\t<\/div>\n<\/div><div class=\"eltd-eh-item    \"  data-item-class=\"eltd-eh-custom-6409\">\n\t<div class=\"eltd-eh-item-inner\">\n\t\t<div class=\"eltd-eh-item-content eltd-eh-custom-6409\" >\n\t\t\t[vc_column_text][\/vc_column_text][vc_raw_html]JTNDaWZyYW1lJTIwc3JjJTNEJTIyaHR0cHMlM0ElMkYlMkZ3d3cuZ29vZ2xlLmNvbSUyRm1hcHMlMkZkJTJGZW1iZWQlM0ZtaWQlM0QxZnJSUkpTUkx2YUdlTEFzTHJwcTJuNmNLX3ZDTktCTSUyNmhsJTNEZW4lMjZlaGJjJTNEMkUzMTJGJTIyJTIwd2lkdGglM0QlMjI2NDAlMjIlMjBoZWlnaHQlM0QlMjI0ODAlMjIlM0UlM0MlMkZpZnJhbWUlM0U=[\/vc_raw_html]\t\t<\/div>\n\t<\/div>\n<\/div><\/div>[vc_empty_space height=&#8221;40px&#8221;]<div class=\"eltd-elements-holder   eltd-two-columns  eltd-responsive-mode-768 \" ><div class=\"eltd-eh-item   eltd-horizontal-alignment-center \"  data-item-class=\"eltd-eh-custom-9522\" data-1280-1600=\"0 24%\" data-1024-1280=\"0 20% 5px 20%\" data-768-1024=\"0 12% 4px 12%\" data-680-768=\"100px 24%\" data-680=\"80px 5%\">\n\t<div class=\"eltd-eh-item-inner\">\n\t\t<div class=\"eltd-eh-item-content eltd-eh-custom-9522\" style=\"padding: 0 26% 5px 26%\">\n\t\t\t<div class=\"eltd-section-title-holder eltd-separator-disabled  \" >\n    <div class=\"eltd-section-title-inner\">\n                    <h5 class=\"eltd-st-subtitle\" >\n                <span>e-Kolo z Kamp Brda<\/span>\n            <\/h5>\n                            <h2 class=\"eltd-st-title \" >\n                <span class=\"eltd-st-before\">Ob reki<\/span>\n                <span>So\u010di<\/span>\n            <\/h2>\n                            <p class=\"eltd-st-text\" style=\"font-size: 15px;line-height: 28px\">Najbolj\u0161a izbira za kolesarsko potepanje na vro\u010d poletni dan! Iz Kampa Brda kolesarite do Solkana, nato po kolesarski poti ob reki So\u010di do vasi Plave. \u010caka vas vzpon preko Vrhovelj nazaj v Brda, kjer lahko izlet podalj\u0161ate \u0161e z obiskom razglednega stolpa v Goja\u010dah in \u0160martnega.<\/p>\n                    <\/div>\n<\/div>[vc_empty_space height=&#8221;40px&#8221;]<a itemprop=\"url\" href=\"https:\/\/www.kampbrda.com\/contact-us\/?lang=sl\" target=\"_self\"  class=\"eltd-btn eltd-btn-medium eltd-btn-solid eltd-btn-line-left eltd-btn-animation-enabled\"  >\n    <span class=\"eltd-btn-text\">REZERVIRAJ E-KOLO<\/span>\n\n        \t<span class=\"eltd-btn-hover-overlay\" ><\/span>\n    \n    <\/a>\t\t<\/div>\n\t<\/div>\n<\/div><div class=\"eltd-eh-item    \"  data-item-class=\"eltd-eh-custom-5553\">\n\t<div class=\"eltd-eh-item-inner\">\n\t\t<div class=\"eltd-eh-item-content eltd-eh-custom-5553\" >\n\t\t\t[vc_column_text][\/vc_column_text][vc_raw_html]JTNDaWZyYW1lJTIwc3JjJTNEJTIyaHR0cHMlM0ElMkYlMkZ3d3cuZ29vZ2xlLmNvbSUyRm1hcHMlMkZkJTJGZW1iZWQlM0ZtaWQlM0QxSUROb3c5T043bE5LMF9PNXJwN1NaZmNVSnJnVlB1ZyUyNmhsJTNEZW4lMjZlaGJjJTNEMkUzMTJGJTIyJTIwd2lkdGglM0QlMjI2NDAlMjIlMjBoZWlnaHQlM0QlMjI0ODAlMjIlM0UlM0MlMkZpZnJhbWUlM0U=[\/vc_raw_html]\t\t<\/div>\n\t<\/div>\n<\/div><\/div>[vc_empty_space height=&#8221;40px&#8221;]<div class=\"eltd-elements-holder   eltd-one-column  eltd-responsive-mode-768 eltd-one-column-alignment-center\" ><div class=\"eltd-eh-item   eltd-horizontal-alignment-center \" style=\"background-color: #ffffff\" data-item-class=\"eltd-eh-custom-3391\">\n\t<div class=\"eltd-eh-item-inner\">\n\t\t<div class=\"eltd-eh-item-content eltd-eh-custom-3391\" >\n\t\t\t[vc_column_text css=&#8221;.vc_custom_1650016635538{padding-top: 10% !important;padding-right: 10% !important;padding-bottom: 10% !important;padding-left: 10% !important;}&#8221;]<\/p>\n<h2>Dodatna kolesarska ponudba v <strong>Kampu Brda<\/strong><\/h2>\n<ul>\n<li><span class=\"znListItems-text\">Asistenca kolesarjem na terenu<\/span><\/li>\n<li><span class=\"znListItems-text\">Kolesarjenje za skupine, teambuilding programu<\/span><\/li>\n<li><span class=\"znListItems-text\">Vodeni kolesarski izleti z degustacijami<\/span><\/li>\n<\/ul>\n<h4>Najbolj\u0161o kolesarsko izku\u0161njo v <strong>Kampu Brda<\/strong> vam zagotavlja <strong>Kamp Brda<\/strong>.<\/h4>\n<p>[\/vc_column_text]\t\t<\/div>\n\t<\/div>\n<\/div><\/div>[\/vc_column][\/vc_row]<\/p>\n","protected":false},"excerpt":{"rendered":"<p>[vc_row row_content_width=&#8221;grid&#8221; css=&#8221;.vc_custom_1649930494940{padding-top: 110px !important;padding-bottom: 135px !important;}&#8221;][vc_column offset=&#8221;vc_col-lg-12 vc_col-md-12&#8243;][vc_empty_space height=&#8221;40px&#8221;][vc_empty_space height=&#8221;40px&#8221;][vc_empty_space height=&#8221;40px&#8221;][vc_empty_space height=&#8221;40px&#8221;][vc_empty_space height=&#8221;40px&#8221;][\/vc_column][\/vc_row]<\/p>\n","protected":false},"author":2,"featured_media":8574,"parent":0,"menu_order":0,"comment_status":"closed","ping_status":"closed","template":"full-width.php","meta":{"_monsterinsights_skip_tracking":false,"_monsterinsights_sitenote_active":false,"_monsterinsights_sitenote_note":"","_monsterinsights_sitenote_category":0},"yoast_head":"<!-- This site is optimized with the Yoast SEO plugin v19.13 - https:\/\/yoast.com\/wordpress\/plugins\/seo\/ -->\n<title>Kamp Brda e-Kolo - Kamp Brda<\/title>\n<meta name=\"description\" content=\"Odli\u010dna izhodi\u0161\u010dna to\u010dka za izlet po bri\u0161kih kolesarskih poteh in pisani okolici z elektri\u010dnim gorskim kolesom RockVelo.\" \/>\n<meta name=\"robots\" content=\"index, follow, max-snippet:-1, max-image-preview:large, max-video-preview:-1\" \/>\n<link rel=\"canonical\" href=\"https:\/\/www.kampbrda.com\/sl\/kamp-brda-e-bike\/\" \/>\n<meta property=\"og:locale\" content=\"sl_SI\" \/>\n<meta property=\"og:type\" content=\"article\" \/>\n<meta property=\"og:title\" content=\"Kamp Brda e-Kolo - Kamp Brda\" \/>\n<meta property=\"og:description\" content=\"Odli\u010dna izhodi\u0161\u010dna to\u010dka za izlet po bri\u0161kih kolesarskih poteh in pisani okolici z elektri\u010dnim gorskim kolesom RockVelo.\" \/>\n<meta property=\"og:url\" content=\"https:\/\/www.kampbrda.com\/sl\/kamp-brda-e-bike\/\" \/>\n<meta property=\"og:site_name\" content=\"Kamp Brda\" \/>\n<meta property=\"article:modified_time\" content=\"2025-07-21T10:39:04+00:00\" \/>\n<meta property=\"og:image\" content=\"https:\/\/www.kampbrda.com\/wp-content\/uploads\/2023\/07\/2023_06_14_13_49_47_D7A6044_Foto_Jure_Batagelj_resize-scaled.jpg\" \/>\n\t<meta property=\"og:image:width\" content=\"2560\" \/>\n\t<meta property=\"og:image:height\" content=\"1707\" \/>\n\t<meta property=\"og:image:type\" content=\"image\/jpeg\" \/>\n<meta name=\"twitter:card\" content=\"summary_large_image\" \/>\n<meta name=\"twitter:label1\" content=\"Est. reading time\" \/>\n\t<meta name=\"twitter:data1\" content=\"3 minute\" \/>\n<script type=\"application\/ld+json\" class=\"yoast-schema-graph\">{\"@context\":\"https:\/\/schema.org\",\"@graph\":[{\"@type\":\"WebPage\",\"@id\":\"https:\/\/www.kampbrda.com\/sl\/kamp-brda-e-bike\/\",\"url\":\"https:\/\/www.kampbrda.com\/sl\/kamp-brda-e-bike\/\",\"name\":\"Kamp Brda e-Kolo - Kamp Brda\",\"isPartOf\":{\"@id\":\"https:\/\/www.kampbrda.com\/#website\"},\"datePublished\":\"2022-04-14T09:44:12+00:00\",\"dateModified\":\"2025-07-21T10:39:04+00:00\",\"description\":\"Odli\u010dna izhodi\u0161\u010dna to\u010dka za izlet po bri\u0161kih kolesarskih poteh in pisani okolici z elektri\u010dnim gorskim kolesom RockVelo.\",\"breadcrumb\":{\"@id\":\"https:\/\/www.kampbrda.com\/sl\/kamp-brda-e-bike\/#breadcrumb\"},\"inLanguage\":\"sl-SI\",\"potentialAction\":[{\"@type\":\"ReadAction\",\"target\":[\"https:\/\/www.kampbrda.com\/sl\/kamp-brda-e-bike\/\"]}]},{\"@type\":\"BreadcrumbList\",\"@id\":\"https:\/\/www.kampbrda.com\/sl\/kamp-brda-e-bike\/#breadcrumb\",\"itemListElement\":[{\"@type\":\"ListItem\",\"position\":1,\"name\":\"Home\",\"item\":\"https:\/\/www.kampbrda.com\/sl\/\"},{\"@type\":\"ListItem\",\"position\":2,\"name\":\"Kamp Brda e-Kolo\"}]},{\"@type\":\"WebSite\",\"@id\":\"https:\/\/www.kampbrda.com\/#website\",\"url\":\"https:\/\/www.kampbrda.com\/\",\"name\":\"Kamp Brda\",\"description\":\"Camping Village with Rooms and Restaurant in Gori\u0161ka Brda\",\"potentialAction\":[{\"@type\":\"SearchAction\",\"target\":{\"@type\":\"EntryPoint\",\"urlTemplate\":\"https:\/\/www.kampbrda.com\/?s={search_term_string}\"},\"query-input\":\"required name=search_term_string\"}],\"inLanguage\":\"sl-SI\"}]}<\/script>\n<!-- \/ Yoast SEO plugin. -->","yoast_head_json":{"title":"Kamp Brda e-Kolo - Kamp Brda","description":"Odli\u010dna izhodi\u0161\u010dna to\u010dka za izlet po bri\u0161kih kolesarskih poteh in pisani okolici z elektri\u010dnim gorskim kolesom RockVelo.","robots":{"index":"index","follow":"follow","max-snippet":"max-snippet:-1","max-image-preview":"max-image-preview:large","max-video-preview":"max-video-preview:-1"},"canonical":"https:\/\/www.kampbrda.com\/sl\/kamp-brda-e-bike\/","og_locale":"sl_SI","og_type":"article","og_title":"Kamp Brda e-Kolo - Kamp Brda","og_description":"Odli\u010dna izhodi\u0161\u010dna to\u010dka za izlet po bri\u0161kih kolesarskih poteh in pisani okolici z elektri\u010dnim gorskim kolesom RockVelo.","og_url":"https:\/\/www.kampbrda.com\/sl\/kamp-brda-e-bike\/","og_site_name":"Kamp Brda","article_modified_time":"2025-07-21T10:39:04+00:00","og_image":[{"width":2560,"height":1707,"url":"https:\/\/www.kampbrda.com\/wp-content\/uploads\/2023\/07\/2023_06_14_13_49_47_D7A6044_Foto_Jure_Batagelj_resize-scaled.jpg","type":"image\/jpeg"}],"twitter_card":"summary_large_image","twitter_misc":{"Est. reading time":"3 minute"},"schema":{"@context":"https:\/\/schema.org","@graph":[{"@type":"WebPage","@id":"https:\/\/www.kampbrda.com\/sl\/kamp-brda-e-bike\/","url":"https:\/\/www.kampbrda.com\/sl\/kamp-brda-e-bike\/","name":"Kamp Brda e-Kolo - Kamp Brda","isPartOf":{"@id":"https:\/\/www.kampbrda.com\/#website"},"datePublished":"2022-04-14T09:44:12+00:00","dateModified":"2025-07-21T10:39:04+00:00","description":"Odli\u010dna izhodi\u0161\u010dna to\u010dka za izlet po bri\u0161kih kolesarskih poteh in pisani okolici z elektri\u010dnim gorskim kolesom RockVelo.","breadcrumb":{"@id":"https:\/\/www.kampbrda.com\/sl\/kamp-brda-e-bike\/#breadcrumb"},"inLanguage":"sl-SI","potentialAction":[{"@type":"ReadAction","target":["https:\/\/www.kampbrda.com\/sl\/kamp-brda-e-bike\/"]}]},{"@type":"BreadcrumbList","@id":"https:\/\/www.kampbrda.com\/sl\/kamp-brda-e-bike\/#breadcrumb","itemListElement":[{"@type":"ListItem","position":1,"name":"Home","item":"https:\/\/www.kampbrda.com\/sl\/"},{"@type":"ListItem","position":2,"name":"Kamp Brda e-Kolo"}]},{"@type":"WebSite","@id":"https:\/\/www.kampbrda.com\/#website","url":"https:\/\/www.kampbrda.com\/","name":"Kamp Brda","description":"Camping Village with Rooms and Restaurant in Gori\u0161ka Brda","potentialAction":[{"@type":"SearchAction","target":{"@type":"EntryPoint","urlTemplate":"https:\/\/www.kampbrda.com\/?s={search_term_string}"},"query-input":"required name=search_term_string"}],"inLanguage":"sl-SI"}]}},"_links":{"self":[{"href":"https:\/\/www.kampbrda.com\/sl\/wp-json\/wp\/v2\/pages\/5778"}],"collection":[{"href":"https:\/\/www.kampbrda.com\/sl\/wp-json\/wp\/v2\/pages"}],"about":[{"href":"https:\/\/www.kampbrda.com\/sl\/wp-json\/wp\/v2\/types\/page"}],"author":[{"embeddable":true,"href":"https:\/\/www.kampbrda.com\/sl\/wp-json\/wp\/v2\/users\/2"}],"replies":[{"embeddable":true,"href":"https:\/\/www.kampbrda.com\/sl\/wp-json\/wp\/v2\/comments?post=5778"}],"version-history":[{"count":19,"href":"https:\/\/www.kampbrda.com\/sl\/wp-json\/wp\/v2\/pages\/5778\/revisions"}],"predecessor-version":[{"id":8806,"href":"https:\/\/www.kampbrda.com\/sl\/wp-json\/wp\/v2\/pages\/5778\/revisions\/8806"}],"wp:featuredmedia":[{"embeddable":true,"href":"https:\/\/www.kampbrda.com\/sl\/wp-json\/wp\/v2\/media\/8574"}],"wp:attachment":[{"href":"https:\/\/www.kampbrda.com\/sl\/wp-json\/wp\/v2\/media?parent=5778"}],"curies":[{"name":"wp","href":"https:\/\/api.w.org\/{rel}","templated":true}]}}